{"id":4946,"date":"2023-08-31T18:59:10","date_gmt":"2023-08-31T16:59:10","guid":{"rendered":"https:\/\/www.gestion-immobiliere.ch\/?page_id=4946"},"modified":"2023-08-31T21:48:14","modified_gmt":"2023-08-31T19:48:14","slug":"property-management-contact","status":"publish","type":"page","link":"https:\/\/www.gestion-immobiliere.ch\/en\/property-management-contact\/","title":{"rendered":"Property Management Contact"},"content":{"rendered":"\t\t<div data-elementor-type=\"wp-page\" data-elementor-id=\"4946\" class=\"elementor elementor-4946\">\n\t\t\t\t\t\t\t\t\t<section class=\"elementor-section elementor-top-section elementor-element elementor-element-3492446 elementor-section-content-middle elementor-section-boxed elementor-section-height-default elementor-section-height-default\" data-id=\"3492446\" data-element_type=\"section\">\n\t\t\t\t\t\t<div class=\"elementor-container elementor-column-gap-extended\">\n\t\t\t\t\t<div class=\"elementor-column elementor-col-50 elementor-top-column elementor-element elementor-element-c8de834 ot-flex-column-vertical\" data-id=\"c8de834\" data-element_type=\"column\">\n\t\t\t<div class=\"elementor-widget-wrap elementor-element-populated\">\n\t\t\t\t\t\t\t\t<div class=\"elementor-element elementor-element-ac630b4 elementor-widget elementor-widget-html\" data-id=\"ac630b4\" data-element_type=\"widget\" data-widget_type=\"html.default\">\n\t\t\t\t<div class=\"elementor-widget-container\">\n\t\t\t<script src='https:\/\/www.google.com\/recaptcha\/api.js?hl=en'><\/script>\t\t<\/div>\n\t\t\t\t<\/div>\n\t\t\t\t<div class=\"elementor-element elementor-element-7784e75 elementor-widget elementor-widget-heading\" data-id=\"7784e75\" data-element_type=\"widget\" data-widget_type=\"heading.default\">\n\t\t\t\t<div class=\"elementor-widget-container\">\n\t\t\t<style>\/*! elementor - v3.15.0 - 20-08-2023 *\/\n.elementor-heading-title{padding:0;margin:0;line-height:1}.elementor-widget-heading .elementor-heading-title[class*=elementor-size-]>a{color:inherit;font-size:inherit;line-height:inherit}.elementor-widget-heading .elementor-heading-title.elementor-size-small{font-size:15px}.elementor-widget-heading .elementor-heading-title.elementor-size-medium{font-size:19px}.elementor-widget-heading .elementor-heading-title.elementor-size-large{font-size:29px}.elementor-widget-heading .elementor-heading-title.elementor-size-xl{font-size:39px}.elementor-widget-heading .elementor-heading-title.elementor-size-xxl{font-size:59px}<\/style><h2 class=\"elementor-heading-title elementor-size-default\">Get in Touch<\/h2>\t\t<\/div>\n\t\t\t\t<\/div>\n\t\t\t\t<div class=\"elementor-element elementor-element-071c042 elementor-widget elementor-widget-text-editor\" data-id=\"071c042\" data-element_type=\"widget\" data-widget_type=\"text-editor.default\">\n\t\t\t\t<div class=\"elementor-widget-container\">\n\t\t\t<style>\/*! elementor - v3.15.0 - 20-08-2023 *\/\n.elementor-widget-text-editor.elementor-drop-cap-view-stacked .elementor-drop-cap{background-color:#69727d;color:#fff}.elementor-widget-text-editor.elementor-drop-cap-view-framed .elementor-drop-cap{color:#69727d;border:3px solid;background-color:transparent}.elementor-widget-text-editor:not(.elementor-drop-cap-view-default) .elementor-drop-cap{margin-top:8px}.elementor-widget-text-editor:not(.elementor-drop-cap-view-default) .elementor-drop-cap-letter{width:1em;height:1em}.elementor-widget-text-editor .elementor-drop-cap{float:left;text-align:center;line-height:1;font-size:50px}.elementor-widget-text-editor .elementor-drop-cap-letter{display:inline-block}<\/style>\t\t\t\t<p>Your inquiries are important to us, and our dedicated team is committed to providing you with prompt assistance.<br \/>Please note that required fields are marked with an asterisk (*).<br \/><br \/><\/p>\t\t\t\t\t\t<\/div>\n\t\t\t\t<\/div>\n\t\t\t\t<div class=\"elementor-element elementor-element-ee8e3a2 elementor-widget elementor-widget-theratio-ctf7\" data-id=\"ee8e3a2\" data-element_type=\"widget\" data-widget_type=\"theratio-ctf7.default\">\n\t\t\t\t<div class=\"elementor-widget-container\">\n\t\t\t<div class=\"elementor-shortcode theratio-cf7-0\">\n<div class=\"wpcf7 no-js\" id=\"wpcf7-f4971-o1\" lang=\"fr-FR\" dir=\"ltr\">\n<div class=\"screen-reader-response\"><p role=\"status\" aria-live=\"polite\" aria-atomic=\"true\"><\/p> <ul><\/ul><\/div>\n<form action=\"\/en\/wp-json\/wp\/v2\/pages\/4946#wpcf7-f4971-o1\" method=\"post\" class=\"wpcf7-form init\" aria-label=\"Formulaire de contact\" novalidate=\"novalidate\" data-status=\"init\">\n<div style=\"display: none;\">\n<input type=\"hidden\" name=\"_wpcf7\" value=\"4971\" \/>\n<input type=\"hidden\" name=\"_wpcf7_version\" value=\"5.8\" \/>\n<input type=\"hidden\" name=\"_wpcf7_locale\" value=\"fr_FR\" \/>\n<input type=\"hidden\" name=\"_wpcf7_unit_tag\" value=\"wpcf7-f4971-o1\" \/>\n<input type=\"hidden\" name=\"_wpcf7_container_post\" value=\"0\" \/>\n<input type=\"hidden\" name=\"_wpcf7_posted_data_hash\" value=\"\" \/>\n<\/div>\n<p><label> Your name<br \/>\n<span class=\"wpcf7-form-control-wrap\" data-name=\"your-name\"><input size=\"40\" class=\"wpcf7-form-control wpcf7-text wpcf7-validates-as-required\" autocomplete=\"name\" aria-required=\"true\" aria-invalid=\"false\" value=\"\" type=\"text\" name=\"your-name\" \/><\/span> <\/label>\n<\/p>\n<p><label> Your email<br \/>\n<span class=\"wpcf7-form-control-wrap\" data-name=\"your-email\"><input size=\"40\" class=\"wpcf7-form-control wpcf7-email wpcf7-validates-as-required wpcf7-text wpcf7-validates-as-email\" autocomplete=\"email\" aria-required=\"true\" aria-invalid=\"false\" value=\"\" type=\"email\" name=\"your-email\" \/><\/span> <\/label>\n<\/p>\n<p><label> Subject<br \/>\n<span class=\"wpcf7-form-control-wrap\" data-name=\"your-subject\"><input size=\"40\" class=\"wpcf7-form-control wpcf7-text wpcf7-validates-as-required\" aria-required=\"true\" aria-invalid=\"false\" value=\"\" type=\"text\" name=\"your-subject\" \/><\/span> <\/label>\n<\/p>\n<p><label> Your message (optional)<br \/>\n<span class=\"wpcf7-form-control-wrap\" data-name=\"your-message\"><textarea cols=\"40\" rows=\"10\" class=\"wpcf7-form-control wpcf7-textarea\" aria-invalid=\"false\" name=\"your-message\"><\/textarea><\/span> <\/label>\n<\/p>\n<p><div id=\"cf7sr-6a0329d70e274\" class=\"cf7sr-g-recaptcha\" data-sitekey=\"6LdAIeMnAAAAAB3o3lxsFQ5WxoE0H4aWsh4sRXdQ\"><\/div><span class=\"wpcf7-form-control-wrap cf7sr-recaptcha\" data-name=\"cf7sr-recaptcha\"><input type=\"hidden\" name=\"cf7sr-recaptcha\" value=\"\" class=\"wpcf7-form-control\"><\/span>\n<\/p>\n<p><input class=\"wpcf7-form-control wpcf7-submit has-spinner\" type=\"submit\" value=\"Submit\" \/>\n<\/p><div class=\"wpcf7-response-output\" aria-hidden=\"true\"><\/div>\n<\/form>\n<\/div>\n<\/div>\t\t<\/div>\n\t\t\t\t<\/div>\n\t\t\t\t\t<\/div>\n\t\t<\/div>\n\t\t\t\t<div class=\"elementor-column elementor-col-50 elementor-top-column elementor-element elementor-element-131457d ot-flex-column-vertical\" data-id=\"131457d\" data-element_type=\"column\" data-settings=\"{&quot;background_background&quot;:&quot;classic&quot;}\">\n\t\t\t<div class=\"elementor-widget-wrap elementor-element-populated\">\n\t\t\t\t\t\t\t\t<div class=\"elementor-element elementor-element-6a183e2 elementor-widget elementor-widget-iheading\" data-id=\"6a183e2\" data-element_type=\"widget\" data-widget_type=\"iheading.default\">\n\t\t\t\t<div class=\"elementor-widget-container\">\n\t\t\t\t\t<div class=\"ot-heading \">\n\t        \t            <span>[ our contact details ]<\/span>\n\t        \t        <h2 class=\"main-heading\">Let's Start a Project<\/h2>\n\t        \t    <\/div>\n\t    \t\t<\/div>\n\t\t\t\t<\/div>\n\t\t\t\t<div class=\"elementor-element elementor-element-c6c295b elementor-widget elementor-widget-text-editor\" data-id=\"c6c295b\" data-element_type=\"widget\" data-widget_type=\"text-editor.default\">\n\t\t\t\t<div class=\"elementor-widget-container\">\n\t\t\t\t\t\t\tWe are dedicated to ensuring that all inquiries receive prompt responses.\t\t\t\t\t\t<\/div>\n\t\t\t\t<\/div>\n\t\t\t\t<div class=\"elementor-element elementor-element-6942fc6 elementor-widget elementor-widget-icontact_info\" data-id=\"6942fc6\" data-element_type=\"widget\" data-widget_type=\"icontact_info.default\">\n\t\t\t\t<div class=\"elementor-widget-container\">\n\t\t\t\t    \t<div class=\"contact-info\">\n\t\t        \t\t\t    \n\t\t\t    \t\t        <i class=\"ot-flaticon-place\"><\/i>\n\t\t        <div class=\"info-text\">\n\t\t        \t<h6>FIDENTIA PARTNERS<\/h6>\t\t        \t<p>Ch. du Vieux-V\u00e9senaz 23, 1222 V\u00e9senaz\n<\/p>\t\t        <\/div>\n\t\t    <\/div>\n\t    \t\t<\/div>\n\t\t\t\t<\/div>\n\t\t\t\t<div class=\"elementor-element elementor-element-0fecad6 elementor-widget elementor-widget-icontact_info\" data-id=\"0fecad6\" data-element_type=\"widget\" data-widget_type=\"icontact_info.default\">\n\t\t\t\t<div class=\"elementor-widget-container\">\n\t\t\t\t    \t<div class=\"contact-info\">\n\t\t        \t\t\t    \n\t\t\t    \t\t        <i class=\"ot-flaticon-phone-call\"><\/i>\n\t\t        <div class=\"info-text\">\n\t\t        \t<h6>OUR PHONE:<\/h6>\t\t        \t<p><a href=\"tel:+41775009426\">+41 (0)77 500 94 26<\/a><\/p>\t\t        <\/div>\n\t\t    <\/div>\n\t    \t\t<\/div>\n\t\t\t\t<\/div>\n\t\t\t\t\t<\/div>\n\t\t<\/div>\n\t\t\t\t\t\t\t<\/div>\n\t\t<\/section>\n\t\t\t\t<section class=\"elementor-section elementor-top-section elementor-element elementor-element-1c7707d elementor-section-full_width elementor-section-height-default elementor-section-height-default\" data-id=\"1c7707d\" data-element_type=\"section\">\n\t\t\t\t\t\t<div class=\"elementor-container elementor-column-gap-default\">\n\t\t\t\t\t<div class=\"elementor-column elementor-col-100 elementor-top-column elementor-element elementor-element-3972b22 ot-flex-column-vertical\" data-id=\"3972b22\" data-element_type=\"column\">\n\t\t\t<div class=\"elementor-widget-wrap elementor-element-populated\">\n\t\t\t\t\t\t\t\t<div class=\"elementor-element elementor-element-d0a39be elementor-widget elementor-widget-google_maps\" data-id=\"d0a39be\" data-element_type=\"widget\" data-widget_type=\"google_maps.default\">\n\t\t\t\t<div class=\"elementor-widget-container\">\n\t\t\t<style>\/*! elementor - v3.15.0 - 20-08-2023 *\/\n.elementor-widget-google_maps .elementor-widget-container{overflow:hidden}.elementor-widget-google_maps .elementor-custom-embed{line-height:0}.elementor-widget-google_maps iframe{height:300px}<\/style>\t\t<div class=\"elementor-custom-embed\">\n\t\t\t<iframe loading=\"lazy\"\n\t\t\t\t\tsrc=\"https:\/\/www.google.com\/maps\/embed\/v1\/place?key=AIzaSyBqNtecR-vkJHCOYzrgLJaoYR8-peH7NME&#038;q=Chemin%20du%20Vieux-V%C3%A9senaz%2023%2C%201222%20V%C3%A9senaz%2C%20Suisse&#038;zoom=14\"\n\t\t\t\t\ttitle=\"Chemin du Vieux-V\u00e9senaz 23, 1222 V\u00e9senaz, Suisse\"\n\t\t\t\t\taria-label=\"Chemin du Vieux-V\u00e9senaz 23, 1222 V\u00e9senaz, Suisse\"\n\t\t\t><\/iframe>\n\t\t<\/div>\n\t\t\t\t<\/div>\n\t\t\t\t<\/div>\n\t\t\t\t\t<\/div>\n\t\t<\/div>\n\t\t\t\t\t\t\t<\/div>\n\t\t<\/section>\n\t\t\t\t\t\t\t<\/div>\n\t\t","protected":false},"excerpt":{"rendered":"<p>Get in Touch Your inquiries are important to us, and our dedicated team is committed to providing you with prompt assistance. Please note that required fields are marked with an asterisk (*). Your name Your email Subject Your message (optional) [ our contact details ] Let&#8217;s Start a Project We are dedicated to ensuring that [&hellip;]<\/p>\n","protected":false},"author":1,"featured_media":0,"parent":0,"menu_order":0,"comment_status":"closed","ping_status":"closed","template":"","meta":{"footnotes":""},"yoast_head":"<!-- This site is optimized with the Yoast SEO plugin v21.0 - https:\/\/yoast.com\/wordpress\/plugins\/seo\/ -->\n<title>Property Management Contact - Property Management Company - Fidentia Partners<\/title>\n<meta name=\"description\" content=\"Get in touch with us for expert HOA management, property management support, transaction services, rental management, and residential concierge services.\" \/>\n<meta name=\"robots\" content=\"index, follow, max-snippet:-1, max-image-preview:large, max-video-preview:-1\" \/>\n<link rel=\"canonical\" href=\"https:\/\/www.gestion-immobiliere.ch\/en\/property-management-contact\/\" \/>\n<meta property=\"og:locale\" content=\"en_US\" \/>\n<meta property=\"og:type\" content=\"article\" \/>\n<meta property=\"og:title\" content=\"Property Management Contact - Property Management Company - Fidentia Partners\" \/>\n<meta property=\"og:description\" content=\"Get in touch with us for expert HOA management, property management support, transaction services, rental management, and residential concierge services.\" \/>\n<meta property=\"og:url\" content=\"https:\/\/www.gestion-immobiliere.ch\/en\/property-management-contact\/\" \/>\n<meta property=\"og:site_name\" content=\"Property Management Company - Fidentia Partners\" \/>\n<meta property=\"article:modified_time\" content=\"2023-08-31T19:48:14+00:00\" \/>\n<meta property=\"og:image\" content=\"https:\/\/www.gestion-immobiliere.ch\/wp-content\/uploads\/Fidentia-Partners-Yoast-2.jpg\" \/>\n\t<meta property=\"og:image:width\" content=\"1200\" \/>\n\t<meta property=\"og:image:height\" content=\"675\" \/>\n\t<meta property=\"og:image:type\" content=\"image\/jpeg\" \/>\n<meta name=\"twitter:card\" content=\"summary_large_image\" \/>\n<meta name=\"twitter:label1\" content=\"Est. reading time\" \/>\n\t<meta name=\"twitter:data1\" content=\"1 minute\" \/>\n<script type=\"application\/ld+json\" class=\"yoast-schema-graph\">{\"@context\":\"https:\/\/schema.org\",\"@graph\":[{\"@type\":\"WebPage\",\"@id\":\"https:\/\/www.gestion-immobiliere.ch\/en\/property-management-contact\/\",\"url\":\"https:\/\/www.gestion-immobiliere.ch\/en\/property-management-contact\/\",\"name\":\"Property Management Contact - Property Management Company - Fidentia Partners\",\"isPartOf\":{\"@id\":\"https:\/\/www.gestion-immobiliere.ch\/en\/#website\"},\"datePublished\":\"2023-08-31T16:59:10+00:00\",\"dateModified\":\"2023-08-31T19:48:14+00:00\",\"description\":\"Get in touch with us for expert HOA management, property management support, transaction services, rental management, and residential concierge services.\",\"breadcrumb\":{\"@id\":\"https:\/\/www.gestion-immobiliere.ch\/en\/property-management-contact\/#breadcrumb\"},\"inLanguage\":\"en-US\",\"potentialAction\":[{\"@type\":\"ReadAction\",\"target\":[\"https:\/\/www.gestion-immobiliere.ch\/en\/property-management-contact\/\"]}]},{\"@type\":\"BreadcrumbList\",\"@id\":\"https:\/\/www.gestion-immobiliere.ch\/en\/property-management-contact\/#breadcrumb\",\"itemListElement\":[{\"@type\":\"ListItem\",\"position\":1,\"name\":\"Accueil\",\"item\":\"https:\/\/www.gestion-immobiliere.ch\/en\/\"},{\"@type\":\"ListItem\",\"position\":2,\"name\":\"Property Management Contact\"}]},{\"@type\":\"WebSite\",\"@id\":\"https:\/\/www.gestion-immobiliere.ch\/en\/#website\",\"url\":\"https:\/\/www.gestion-immobiliere.ch\/en\/\",\"name\":\"Soci\u00e9t\u00e9 de gestion immobili\u00e8re - Fidentia Partners\",\"description\":\"HOA Management - Real Estate Transactions - Rental Management - Concierge Services\",\"publisher\":{\"@id\":\"https:\/\/www.gestion-immobiliere.ch\/en\/#organization\"},\"alternateName\":\"Fidentia Partners\",\"potentialAction\":[{\"@type\":\"SearchAction\",\"target\":{\"@type\":\"EntryPoint\",\"urlTemplate\":\"https:\/\/www.gestion-immobiliere.ch\/en\/?s={search_term_string}\"},\"query-input\":\"required name=search_term_string\"}],\"inLanguage\":\"en-US\"},{\"@type\":\"Organization\",\"@id\":\"https:\/\/www.gestion-immobiliere.ch\/en\/#organization\",\"name\":\"Soci\u00e9t\u00e9 de gestion immobili\u00e8re - Fidentia Partners\",\"alternateName\":\"Fidentia Partners\",\"url\":\"https:\/\/www.gestion-immobiliere.ch\/en\/\",\"logo\":{\"@type\":\"ImageObject\",\"inLanguage\":\"en-US\",\"@id\":\"https:\/\/www.gestion-immobiliere.ch\/en\/#\/schema\/logo\/image\/\",\"url\":\"https:\/\/www.gestion-immobiliere.ch\/wp-content\/uploads\/Fidentia-Partners-Logo.png\",\"contentUrl\":\"https:\/\/www.gestion-immobiliere.ch\/wp-content\/uploads\/Fidentia-Partners-Logo.png\",\"width\":1080,\"height\":1080,\"caption\":\"Soci\u00e9t\u00e9 de gestion immobili\u00e8re - Fidentia Partners\"},\"image\":{\"@id\":\"https:\/\/www.gestion-immobiliere.ch\/en\/#\/schema\/logo\/image\/\"}}]}<\/script>\n<!-- \/ Yoast SEO plugin. -->","yoast_head_json":{"title":"Property Management Contact - Property Management Company - Fidentia Partners","description":"Get in touch with us for expert HOA management, property management support, transaction services, rental management, and residential concierge services.","robots":{"index":"index","follow":"follow","max-snippet":"max-snippet:-1","max-image-preview":"max-image-preview:large","max-video-preview":"max-video-preview:-1"},"canonical":"https:\/\/www.gestion-immobiliere.ch\/en\/property-management-contact\/","og_locale":"en_US","og_type":"article","og_title":"Property Management Contact - Property Management Company - Fidentia Partners","og_description":"Get in touch with us for expert HOA management, property management support, transaction services, rental management, and residential concierge services.","og_url":"https:\/\/www.gestion-immobiliere.ch\/en\/property-management-contact\/","og_site_name":"Property Management Company - Fidentia Partners","article_modified_time":"2023-08-31T19:48:14+00:00","og_image":[{"width":1200,"height":675,"url":"https:\/\/www.gestion-immobiliere.ch\/wp-content\/uploads\/Fidentia-Partners-Yoast-2.jpg","type":"image\/jpeg"}],"twitter_card":"summary_large_image","twitter_misc":{"Est. reading time":"1 minute"},"schema":{"@context":"https:\/\/schema.org","@graph":[{"@type":"WebPage","@id":"https:\/\/www.gestion-immobiliere.ch\/en\/property-management-contact\/","url":"https:\/\/www.gestion-immobiliere.ch\/en\/property-management-contact\/","name":"Property Management Contact - Property Management Company - Fidentia Partners","isPartOf":{"@id":"https:\/\/www.gestion-immobiliere.ch\/en\/#website"},"datePublished":"2023-08-31T16:59:10+00:00","dateModified":"2023-08-31T19:48:14+00:00","description":"Get in touch with us for expert HOA management, property management support, transaction services, rental management, and residential concierge services.","breadcrumb":{"@id":"https:\/\/www.gestion-immobiliere.ch\/en\/property-management-contact\/#breadcrumb"},"inLanguage":"en-US","potentialAction":[{"@type":"ReadAction","target":["https:\/\/www.gestion-immobiliere.ch\/en\/property-management-contact\/"]}]},{"@type":"BreadcrumbList","@id":"https:\/\/www.gestion-immobiliere.ch\/en\/property-management-contact\/#breadcrumb","itemListElement":[{"@type":"ListItem","position":1,"name":"Accueil","item":"https:\/\/www.gestion-immobiliere.ch\/en\/"},{"@type":"ListItem","position":2,"name":"Property Management Contact"}]},{"@type":"WebSite","@id":"https:\/\/www.gestion-immobiliere.ch\/en\/#website","url":"https:\/\/www.gestion-immobiliere.ch\/en\/","name":"Soci\u00e9t\u00e9 de gestion immobili\u00e8re - Fidentia Partners","description":"HOA Management - Real Estate Transactions - Rental Management - Concierge Services","publisher":{"@id":"https:\/\/www.gestion-immobiliere.ch\/en\/#organization"},"alternateName":"Fidentia Partners","potentialAction":[{"@type":"SearchAction","target":{"@type":"EntryPoint","urlTemplate":"https:\/\/www.gestion-immobiliere.ch\/en\/?s={search_term_string}"},"query-input":"required name=search_term_string"}],"inLanguage":"en-US"},{"@type":"Organization","@id":"https:\/\/www.gestion-immobiliere.ch\/en\/#organization","name":"Soci\u00e9t\u00e9 de gestion immobili\u00e8re - Fidentia Partners","alternateName":"Fidentia Partners","url":"https:\/\/www.gestion-immobiliere.ch\/en\/","logo":{"@type":"ImageObject","inLanguage":"en-US","@id":"https:\/\/www.gestion-immobiliere.ch\/en\/#\/schema\/logo\/image\/","url":"https:\/\/www.gestion-immobiliere.ch\/wp-content\/uploads\/Fidentia-Partners-Logo.png","contentUrl":"https:\/\/www.gestion-immobiliere.ch\/wp-content\/uploads\/Fidentia-Partners-Logo.png","width":1080,"height":1080,"caption":"Soci\u00e9t\u00e9 de gestion immobili\u00e8re - Fidentia Partners"},"image":{"@id":"https:\/\/www.gestion-immobiliere.ch\/en\/#\/schema\/logo\/image\/"}}]}},"_links":{"self":[{"href":"https:\/\/www.gestion-immobiliere.ch\/en\/wp-json\/wp\/v2\/pages\/4946"}],"collection":[{"href":"https:\/\/www.gestion-immobiliere.ch\/en\/wp-json\/wp\/v2\/pages"}],"about":[{"href":"https:\/\/www.gestion-immobiliere.ch\/en\/wp-json\/wp\/v2\/types\/page"}],"author":[{"embeddable":true,"href":"https:\/\/www.gestion-immobiliere.ch\/en\/wp-json\/wp\/v2\/users\/1"}],"replies":[{"embeddable":true,"href":"https:\/\/www.gestion-immobiliere.ch\/en\/wp-json\/wp\/v2\/comments?post=4946"}],"version-history":[{"count":67,"href":"https:\/\/www.gestion-immobiliere.ch\/en\/wp-json\/wp\/v2\/pages\/4946\/revisions"}],"predecessor-version":[{"id":6066,"href":"https:\/\/www.gestion-immobiliere.ch\/en\/wp-json\/wp\/v2\/pages\/4946\/revisions\/6066"}],"wp:attachment":[{"href":"https:\/\/www.gestion-immobiliere.ch\/en\/wp-json\/wp\/v2\/media?parent=4946"}],"curies":[{"name":"wp","href":"https:\/\/api.w.org\/{rel}","templated":true}]}}